{"id":52,"date":"2022-12-06T22:50:15","date_gmt":"2022-12-06T21:50:15","guid":{"rendered":"http:\/\/lesterriblesenfants.com\/?page_id=52"},"modified":"2023-10-23T17:31:26","modified_gmt":"2023-10-23T15:31:26","slug":"conferences","status":"publish","type":"page","link":"https:\/\/lesterriblesenfants.com\/?page_id=52","title":{"rendered":"Mise en ligne de conf\u00e9rences pour des associations"},"content":{"rendered":"\n<p>Je travaille essentiellement pour l&rsquo;Association Belge des Ath\u00e9es (ABA).<br><br>Les vid\u00e9os se trouvent sur notre chaine Youtube <a href=\"https:\/\/www.youtube.com\/channel\/UCh2lqqWv-O9UN9AXyZG7YRQ\">Conf\u00e9rences ABA<\/a> <\/p>\n","protected":false},"excerpt":{"rendered":"<p>Je travaille essentiellement pour l&rsquo;Association Belge des Ath\u00e9es (ABA). Les vid\u00e9os se trouvent sur notre chaine Youtube Conf\u00e9rences ABA<\/p>\n","protected":false},"author":1,"featured_media":75,"parent":0,"menu_order":0,"comment_status":"closed","ping_status":"closed","template":"","meta":{"footnotes":""},"class_list":["post-52","page","type-page","status-publish","has-post-thumbnail","hentry"],"yoast_head":"<!-- This site is optimized with the Yoast SEO plugin v26.7 - https:\/\/yoast.com\/wordpress\/plugins\/seo\/ -->\n<title>Mise en ligne de conf\u00e9rences pour des associations - Les Terribles Enfants<\/title>\n<meta name=\"robots\" content=\"index, follow, max-snippet:-1, max-image-preview:large, max-video-preview:-1\" \/>\n<link rel=\"canonical\" href=\"https:\/\/lesterriblesenfants.com\/?page_id=52\" \/>\n<meta property=\"og:locale\" content=\"fr_FR\" \/>\n<meta property=\"og:type\" content=\"article\" \/>\n<meta property=\"og:title\" content=\"Mise en ligne de conf\u00e9rences pour des associations - Les Terribles Enfants\" \/>\n<meta property=\"og:description\" content=\"Je travaille essentiellement pour l&rsquo;Association Belge des Ath\u00e9es (ABA). Les vid\u00e9os se trouvent sur notre chaine Youtube Conf\u00e9rences ABA\" \/>\n<meta property=\"og:url\" content=\"https:\/\/lesterriblesenfants.com\/?page_id=52\" \/>\n<meta property=\"og:site_name\" content=\"Les Terribles Enfants\" \/>\n<meta property=\"article:publisher\" content=\"https:\/\/www.facebook.com\/bernarbernard\" \/>\n<meta property=\"article:modified_time\" content=\"2023-10-23T15:31:26+00:00\" \/>\n<meta property=\"og:image\" content=\"https:\/\/lesterriblesenfants.com\/wp-content\/uploads\/2022\/12\/Capture-decran-2022-12-06-a-23.37.23-1024x891.png\" \/>\n\t<meta property=\"og:image:width\" content=\"1024\" \/>\n\t<meta property=\"og:image:height\" content=\"891\" \/>\n\t<meta property=\"og:image:type\" content=\"image\/png\" \/>\n<meta name=\"twitter:card\" content=\"summary_large_image\" \/>\n<script type=\"application\/ld+json\" class=\"yoast-schema-graph\">{\"@context\":\"https:\/\/schema.org\",\"@graph\":[{\"@type\":\"WebPage\",\"@id\":\"https:\/\/lesterriblesenfants.com\/?page_id=52\",\"url\":\"https:\/\/lesterriblesenfants.com\/?page_id=52\",\"name\":\"Mise en ligne de conf\u00e9rences pour des associations - Les Terribles Enfants\",\"isPartOf\":{\"@id\":\"https:\/\/lesterriblesenfants.com\/#website\"},\"primaryImageOfPage\":{\"@id\":\"https:\/\/lesterriblesenfants.com\/?page_id=52#primaryimage\"},\"image\":{\"@id\":\"https:\/\/lesterriblesenfants.com\/?page_id=52#primaryimage\"},\"thumbnailUrl\":\"https:\/\/lesterriblesenfants.com\/wp-content\/uploads\/2022\/12\/Capture-decran-2022-12-06-a-23.37.23.png\",\"datePublished\":\"2022-12-06T21:50:15+00:00\",\"dateModified\":\"2023-10-23T15:31:26+00:00\",\"breadcrumb\":{\"@id\":\"https:\/\/lesterriblesenfants.com\/?page_id=52#breadcrumb\"},\"inLanguage\":\"fr-FR\",\"potentialAction\":[{\"@type\":\"ReadAction\",\"target\":[\"https:\/\/lesterriblesenfants.com\/?page_id=52\"]}]},{\"@type\":\"ImageObject\",\"inLanguage\":\"fr-FR\",\"@id\":\"https:\/\/lesterriblesenfants.com\/?page_id=52#primaryimage\",\"url\":\"https:\/\/lesterriblesenfants.com\/wp-content\/uploads\/2022\/12\/Capture-decran-2022-12-06-a-23.37.23.png\",\"contentUrl\":\"https:\/\/lesterriblesenfants.com\/wp-content\/uploads\/2022\/12\/Capture-decran-2022-12-06-a-23.37.23.png\",\"width\":2672,\"height\":2326},{\"@type\":\"BreadcrumbList\",\"@id\":\"https:\/\/lesterriblesenfants.com\/?page_id=52#breadcrumb\",\"itemListElement\":[{\"@type\":\"ListItem\",\"position\":1,\"name\":\"Accueil\",\"item\":\"https:\/\/lesterriblesenfants.com\/\"},{\"@type\":\"ListItem\",\"position\":2,\"name\":\"Mise en ligne de conf\u00e9rences pour des associations\"}]},{\"@type\":\"WebSite\",\"@id\":\"https:\/\/lesterriblesenfants.com\/#website\",\"url\":\"https:\/\/lesterriblesenfants.com\/\",\"name\":\"Les Terribles Enfants\",\"description\":\"Jean-Fran\u00e7ois Jacobs - Auteur, metteur en sc\u00e8ne et artiste conceptuel.\",\"publisher\":{\"@id\":\"https:\/\/lesterriblesenfants.com\/#organization\"},\"potentialAction\":[{\"@type\":\"SearchAction\",\"target\":{\"@type\":\"EntryPoint\",\"urlTemplate\":\"https:\/\/lesterriblesenfants.com\/?s={search_term_string}\"},\"query-input\":{\"@type\":\"PropertyValueSpecification\",\"valueRequired\":true,\"valueName\":\"search_term_string\"}}],\"inLanguage\":\"fr-FR\"},{\"@type\":\"Organization\",\"@id\":\"https:\/\/lesterriblesenfants.com\/#organization\",\"name\":\"Les Terribles Enfants - Jean-Fran\u00e7ois Jacobs\",\"url\":\"https:\/\/lesterriblesenfants.com\/\",\"logo\":{\"@type\":\"ImageObject\",\"inLanguage\":\"fr-FR\",\"@id\":\"https:\/\/lesterriblesenfants.com\/#\/schema\/logo\/image\/\",\"url\":\"https:\/\/lesterriblesenfants.com\/wp-content\/uploads\/2022\/12\/Logo-TE-orange-1.jpg\",\"contentUrl\":\"https:\/\/lesterriblesenfants.com\/wp-content\/uploads\/2022\/12\/Logo-TE-orange-1.jpg\",\"width\":1890,\"height\":2382,\"caption\":\"Les Terribles Enfants - Jean-Fran\u00e7ois Jacobs\"},\"image\":{\"@id\":\"https:\/\/lesterriblesenfants.com\/#\/schema\/logo\/image\/\"},\"sameAs\":[\"https:\/\/www.facebook.com\/bernarbernard\",\"https:\/\/www.instagram.com\/jf_jacobs\/\",\"https:\/\/www.tiktok.com\/@jf.jacobs\"]}]}<\/script>\n<!-- \/ Yoast SEO plugin. -->","yoast_head_json":{"title":"Mise en ligne de conf\u00e9rences pour des associations - Les Terribles Enfants","robots":{"index":"index","follow":"follow","max-snippet":"max-snippet:-1","max-image-preview":"max-image-preview:large","max-video-preview":"max-video-preview:-1"},"canonical":"https:\/\/lesterriblesenfants.com\/?page_id=52","og_locale":"fr_FR","og_type":"article","og_title":"Mise en ligne de conf\u00e9rences pour des associations - Les Terribles Enfants","og_description":"Je travaille essentiellement pour l&rsquo;Association Belge des Ath\u00e9es (ABA). Les vid\u00e9os se trouvent sur notre chaine Youtube Conf\u00e9rences ABA","og_url":"https:\/\/lesterriblesenfants.com\/?page_id=52","og_site_name":"Les Terribles Enfants","article_publisher":"https:\/\/www.facebook.com\/bernarbernard","article_modified_time":"2023-10-23T15:31:26+00:00","og_image":[{"width":1024,"height":891,"url":"https:\/\/lesterriblesenfants.com\/wp-content\/uploads\/2022\/12\/Capture-decran-2022-12-06-a-23.37.23-1024x891.png","type":"image\/png"}],"twitter_card":"summary_large_image","schema":{"@context":"https:\/\/schema.org","@graph":[{"@type":"WebPage","@id":"https:\/\/lesterriblesenfants.com\/?page_id=52","url":"https:\/\/lesterriblesenfants.com\/?page_id=52","name":"Mise en ligne de conf\u00e9rences pour des associations - Les Terribles Enfants","isPartOf":{"@id":"https:\/\/lesterriblesenfants.com\/#website"},"primaryImageOfPage":{"@id":"https:\/\/lesterriblesenfants.com\/?page_id=52#primaryimage"},"image":{"@id":"https:\/\/lesterriblesenfants.com\/?page_id=52#primaryimage"},"thumbnailUrl":"https:\/\/lesterriblesenfants.com\/wp-content\/uploads\/2022\/12\/Capture-decran-2022-12-06-a-23.37.23.png","datePublished":"2022-12-06T21:50:15+00:00","dateModified":"2023-10-23T15:31:26+00:00","breadcrumb":{"@id":"https:\/\/lesterriblesenfants.com\/?page_id=52#breadcrumb"},"inLanguage":"fr-FR","potentialAction":[{"@type":"ReadAction","target":["https:\/\/lesterriblesenfants.com\/?page_id=52"]}]},{"@type":"ImageObject","inLanguage":"fr-FR","@id":"https:\/\/lesterriblesenfants.com\/?page_id=52#primaryimage","url":"https:\/\/lesterriblesenfants.com\/wp-content\/uploads\/2022\/12\/Capture-decran-2022-12-06-a-23.37.23.png","contentUrl":"https:\/\/lesterriblesenfants.com\/wp-content\/uploads\/2022\/12\/Capture-decran-2022-12-06-a-23.37.23.png","width":2672,"height":2326},{"@type":"BreadcrumbList","@id":"https:\/\/lesterriblesenfants.com\/?page_id=52#breadcrumb","itemListElement":[{"@type":"ListItem","position":1,"name":"Accueil","item":"https:\/\/lesterriblesenfants.com\/"},{"@type":"ListItem","position":2,"name":"Mise en ligne de conf\u00e9rences pour des associations"}]},{"@type":"WebSite","@id":"https:\/\/lesterriblesenfants.com\/#website","url":"https:\/\/lesterriblesenfants.com\/","name":"Les Terribles Enfants","description":"Jean-Fran\u00e7ois Jacobs - Auteur, metteur en sc\u00e8ne et artiste conceptuel.","publisher":{"@id":"https:\/\/lesterriblesenfants.com\/#organization"},"potentialAction":[{"@type":"SearchAction","target":{"@type":"EntryPoint","urlTemplate":"https:\/\/lesterriblesenfants.com\/?s={search_term_string}"},"query-input":{"@type":"PropertyValueSpecification","valueRequired":true,"valueName":"search_term_string"}}],"inLanguage":"fr-FR"},{"@type":"Organization","@id":"https:\/\/lesterriblesenfants.com\/#organization","name":"Les Terribles Enfants - Jean-Fran\u00e7ois Jacobs","url":"https:\/\/lesterriblesenfants.com\/","logo":{"@type":"ImageObject","inLanguage":"fr-FR","@id":"https:\/\/lesterriblesenfants.com\/#\/schema\/logo\/image\/","url":"https:\/\/lesterriblesenfants.com\/wp-content\/uploads\/2022\/12\/Logo-TE-orange-1.jpg","contentUrl":"https:\/\/lesterriblesenfants.com\/wp-content\/uploads\/2022\/12\/Logo-TE-orange-1.jpg","width":1890,"height":2382,"caption":"Les Terribles Enfants - Jean-Fran\u00e7ois Jacobs"},"image":{"@id":"https:\/\/lesterriblesenfants.com\/#\/schema\/logo\/image\/"},"sameAs":["https:\/\/www.facebook.com\/bernarbernard","https:\/\/www.instagram.com\/jf_jacobs\/","https:\/\/www.tiktok.com\/@jf.jacobs"]}]}},"_links":{"self":[{"href":"https:\/\/lesterriblesenfants.com\/index.php?rest_route=\/wp\/v2\/pages\/52","targetHints":{"allow":["GET"]}}],"collection":[{"href":"https:\/\/lesterriblesenfants.com\/index.php?rest_route=\/wp\/v2\/pages"}],"about":[{"href":"https:\/\/lesterriblesenfants.com\/index.php?rest_route=\/wp\/v2\/types\/page"}],"author":[{"embeddable":true,"href":"https:\/\/lesterriblesenfants.com\/index.php?rest_route=\/wp\/v2\/users\/1"}],"replies":[{"embeddable":true,"href":"https:\/\/lesterriblesenfants.com\/index.php?rest_route=%2Fwp%2Fv2%2Fcomments&post=52"}],"version-history":[{"count":4,"href":"https:\/\/lesterriblesenfants.com\/index.php?rest_route=\/wp\/v2\/pages\/52\/revisions"}],"predecessor-version":[{"id":146,"href":"https:\/\/lesterriblesenfants.com\/index.php?rest_route=\/wp\/v2\/pages\/52\/revisions\/146"}],"wp:featuredmedia":[{"embeddable":true,"href":"https:\/\/lesterriblesenfants.com\/index.php?rest_route=\/wp\/v2\/media\/75"}],"wp:attachment":[{"href":"https:\/\/lesterriblesenfants.com\/index.php?rest_route=%2Fwp%2Fv2%2Fmedia&parent=52"}],"curies":[{"name":"wp","href":"https:\/\/api.w.org\/{rel}","templated":true}]}}